{"id":47,"date":"2020-12-13T12:36:30","date_gmt":"2020-12-13T12:36:30","guid":{"rendered":"https:\/\/onlinedeutsch-markov.com\/?page_id=47"},"modified":"2025-09-22T16:52:39","modified_gmt":"2025-09-22T15:52:39","slug":"strana-3","status":"publish","type":"page","link":"https:\/\/onlinedeutsch-markov.com\/de\/strana-3\/","title":{"rendered":"DEUTSCHKURSE"},"content":{"rendered":"<p style=\"font-size:18px\">Onlindeutsch-Markov bietet Kurse nach dem Europ\u00e4ischen Referenzrahmen f\u00fcr Sprachen von A1 bis C1 Niveau, Fachbezogene Deutschkurse f\u00fcr Mediziner, Vorbereitungskurse f\u00fcr internationale Deutschpr\u00fcfungen sowie Kommunikations- und Grammatikkurse an<\/p>\n\n\n\n<div class=\"wp-block-columns is-layout-flex wp-container-core-columns-is-layout-1 wp-block-columns-is-layout-flex\">\n<div class=\"wp-block-column is-layout-flow wp-block-column-is-layout-flow\">\n<blockquote class=\"wp-block-quote is-layout-flow wp-block-quote-is-layout-flow\" style=\"border-top-color:#fcba03;border-top-width:3px;border-right-style:none;border-right-width:0px;border-bottom-color:#fcba03;border-bottom-width:3px;border-left-style:none;border-left-width:0px;font-size:30px;text-transform:none\">\n<h2 class=\"wp-block-heading has-text-align-center translation-block\" style=\"text-transform:uppercase\">GRUPPENUNTERICHT<\/h2>\n<\/blockquote>\n\n\n\n<blockquote class=\"wp-block-quote is-style-default zolto is-layout-flow wp-block-quote-is-layout-flow\">\n<p><strong>Kurs 1<\/strong><\/p>\n<\/blockquote>\n\n\n\n<p class=\"uvleceno2\">Kurs: (\u04101.1, \u04101.2, \u04102.1, \u04102.2, \u04121.1, \u04121.2, \u04122.1, \u04122.2, \u04211.1 oder \u04211.2)<\/p>\n\n\n\n<p class=\"uvleceno2\">Kursdauer: 3 Monate (12 Wochen), 2 x w\u00f6chentlich, jeweils 90 Minuten<\/p>\n\n\n\n<p class=\"uvleceno2\">Termine: nach  Absprache<\/p>\n\n\n\n<p class=\"uvleceno2\">Unterrichtseinheiten (UE) \u00e1 45 Min: 40<\/p>\n\n\n\n<p class=\"uvleceno2\">Geb\u00fchr: 350 Euro<\/p>\n\n\n\n<blockquote class=\"wp-block-quote zolto is-layout-flow wp-block-quote-is-layout-flow\">\n<p><strong>Kurs 2<\/strong><\/p>\n<\/blockquote>\n\n\n\n<p class=\"uvleceno2\">Nievau: (\u04101, \u04102, \u04121, \u04122 oder \u04211 )<\/p>\n\n\n\n<p class=\"uvleceno2\">Kursdauer: 6 Monate (24 Wochen), 2 x w\u00f6chentlich, jeweils 90 Minuten<\/p>\n\n\n\n<p class=\"uvleceno2\">Termine: nach  Absprache<\/p>\n\n\n\n<p class=\"uvleceno2\">Unterrichtseinheiten (UE) \u00e1 45 Min: 80<\/p>\n\n\n\n<p class=\"uvleceno2\">Geb\u00fchr: 650 Euro<\/p>\n\n\n\n<blockquote class=\"wp-block-quote zolto is-layout-flow wp-block-quote-is-layout-flow\">\n<p><strong>Kurs 3 (Facbezogener Deutschkurs: Pflege und Medizin)<\/strong><\/p>\n<\/blockquote>\n\n\n\n<p class=\"uvleceno2\">Nievau: (\u04102, \u04121 oder \u04122\/\u04211 )<\/p>\n\n\n\n<p class=\"uvleceno2\">Kursdauer: 3 Monate (12 Wochen), 2 x w\u00f6chentlich, jeweils 90 Minuten<\/p>\n\n\n\n<p class=\"uvleceno2\">Termine: nach  Absprache<\/p>\n\n\n\n<p class=\"uvleceno2\">Unterrichtseinheiten (UE) \u00e1 45 Min: 40<\/p>\n\n\n\n<p class=\"uvleceno2\">Geb\u00fchr: 350 Euro<\/p>\n<\/div>\n\n\n\n<div class=\"wp-block-column is-layout-flow wp-block-column-is-layout-flow\">\n<blockquote class=\"wp-block-quote is-layout-flow wp-block-quote-is-layout-flow\" style=\"border-top-color:#fcba03;border-top-width:3px;border-right-style:none;border-right-width:0px;border-bottom-color:#fcba03;border-bottom-width:3px;border-left-style:none;border-left-width:0px;font-size:30px\">\n<h2 class=\"wp-block-heading has-text-align-center translation-block\" style=\"text-transform:uppercase\">EINZELUNTERRICHT<\/h2>\n<\/blockquote>\n\n\n\n<blockquote class=\"wp-block-quote zolto is-layout-flow wp-block-quote-is-layout-flow\">\n<p><strong>Kurs 1<\/strong><\/p>\n<\/blockquote>\n\n\n\n<p class=\"uvleceno2\">Kurs: (\u04101.1, \u04101.2, \u04102.1, \u04102.2, \u04121.1, \u04121.2, \u04122.1, \u04122.2, \u04211.1 oder \u04211.2)<\/p>\n\n\n\n<p class=\"uvleceno2\">Kursdauer und Termine: nach Absprache<\/p>\n\n\n\n<p class=\"uvleceno2\">Unterrichtseinheiten (UE) \u00e1 45 Min: 30<\/p>\n\n\n\n<p class=\"uvleceno2\">Geb\u00fchr: 500 Euro<\/p>\n\n\n\n<blockquote class=\"wp-block-quote zolto is-layout-flow wp-block-quote-is-layout-flow\">\n<p><strong>Kurs 2<\/strong><\/p>\n<\/blockquote>\n\n\n\n<p class=\"uvleceno2\">Nievau: (\u04101, \u04102, \u04121, \u04122 oder \u04211 )<\/p>\n\n\n\n<p class=\"uvleceno2\">Kursdauer und Termine: nach Absprache<\/p>\n\n\n\n<p class=\"uvleceno2\">Unterrichtseinheiten (UE) \u00e1 45 Min: 60<\/p>\n\n\n\n<p class=\"uvleceno2\">Geb\u00fchr: 950 Euro<\/p>\n\n\n\n<blockquote class=\"wp-block-quote zolto is-layout-flow wp-block-quote-is-layout-flow\">\n<p><strong>Kurs 3 (Facbezogener Deutschkurs: Pflege und Medizin)<\/strong><\/p>\n<\/blockquote>\n\n\n\n<p class=\"uvleceno2\">Nievau: (\u04102, \u04121 oder \u04122\/\u04211 )<\/p>\n\n\n\n<p class=\"uvleceno2\">Kursdauer und Termine: nach Absprache<\/p>\n\n\n\n<p class=\"uvleceno2\">Unterrichtseinheiten (UE) \u00e1 45 Min: 40<\/p>\n\n\n\n<p class=\"uvleceno2\">Geb\u00fchr: 550 Euro<\/p>\n\n\n\n<p><\/p>\n<\/div>\n<\/div>\n\n\n\n<blockquote class=\"wp-block-quote zolto is-layout-flow wp-block-quote-is-layout-flow\">\n<p><strong>EXTRA<\/strong><\/p>\n<\/blockquote>\n\n\n\n<p class=\"uvleceno2\">- Konversationskurs<\/p>\n\n\n\n<p class=\"uvleceno2\">- Grammatikkurse<\/p>\n\n\n\n<p class=\"uvleceno2\">- Einzelunterricht<\/p>\n\n\n\n<p class=\"uvleceno2\">- Pr\u00fcfungsvorbereitung <\/p>\n\n\n\n<p><\/p>\n\n\n\n<p class=\"uvleceno2\">Preis f\u00fcr eine Unterrichtsstunde von 60 Min: 35 Euro<\/p>\n\n\n\n<p class=\"uvleceno2\">Beim Buchen von 20 Unterrichtsstunden erhalten Sie automatisch 30% Rabatt auf den Gesamtpreis.<\/p>\n\n\n\n<p><\/p>\n\n\n\n<\/br>\n\n\n\n<blockquote class=\"wp-block-quote zolto is-layout-flow wp-block-quote-is-layout-flow\">\n<p><strong>Melden Sie sich an<\/strong><\/p>\n<\/blockquote>\n\n\n\n<p class=\"uvleceno2\">Unter folgendem Link k\u00f6nnen Sie sich mit Ihren Zugangsdaten anmelden<\/p>\n\n\n\n<\/br>\n\n\n\n<div class=\"wp-block-buttons is-layout-flex wp-block-buttons-is-layout-flex\">\n<div class=\"wp-block-button is-style-fill\"><a class=\"wp-block-button__link has-black-color has-text-color has-background wp-element-button\" style=\"background-color:#fcba03\" target=\"_blank\" rel=\"https:\/\/onlinedeutsch-markov.com\/moodle\/ noopener\">Anmeldung<\/a><\/div>\n<\/div>\n\n\n\n<p><\/p>\n\n\n\n<h2 class=\"wp-block-heading has-text-align-center\" style=\"font-size:19px\">F\u00fcr weitere Fragen, verweigern Sie sich nicht. Setzen Sie sich mit uns in Verbindung. <strong>.<\/strong><\/h2>\n\n\n\n<p><\/p>","protected":false},"excerpt":{"rendered":"<p>Onlinedeutsch-Markov \u043d\u0443\u0434\u0438 \u043a\u0443\u0440\u0441\u0435\u0432\u0438 \u0441\u043f\u043e\u0440\u0435\u0434 \u0415\u0432\u0440\u043e\u043f\u0441\u043a\u0430\u0442\u0430 \u0440\u0435\u0444\u0435\u0440\u0435\u043d\u0442\u043d\u0430 \u0440\u0430\u043c\u043a\u0430 \u0437\u0430 \u0458\u0430\u0437\u0438\u0446\u0438 \u0437\u0430 \u04101, \u04102, B1, B2, C1, \u0441\u043f\u0435\u0446\u0438\u0458\u0430\u043b\u0438\u0437\u0438\u0440\u0430\u043d\u0438 \u043a\u0443\u0440\u0441\u0435\u0432\u0438 \u0437\u0430 \u043c\u0435\u0434\u0438\u0446\u0438\u043d\u0430\u0440\u0438, \u043f\u043e\u0434\u0433\u043e\u0442\u0432\u0438\u0442\u0435\u043b\u043d\u0430 \u043d\u0430\u0441\u0442\u0430\u0432\u0430 \u043d\u0430 \u043c\u0435\u0453\u0443\u043d\u0430\u0440\u043e\u0434\u043d\u0438 \u0438\u0441\u043f\u0438\u0442\u0438 \u043f\u043e \u0433\u0435\u0440\u043c\u0430\u043d\u0441\u043a\u0438 \u0458\u0430\u0437\u0438\u043a, \u043a\u0430\u043a\u043e \u0438 \u043a\u0443\u0440\u0441\u0435\u0432\u0438 \u0437\u0430 \u043a\u043e\u043d\u0432\u0435\u0440\u0437\u0430\u0446\u0438\u0458\u0430 \u0438 \u0433\u0440\u0430\u043c\u0430\u0442\u0438\u043a\u0430. \u041d\u0430\u0441\u0442\u0430\u0432\u0430 \u0432\u043e \u0433\u0440\u0443\u043f\u0430 \u041f\u043e\u043b\u0443\u0441\u0442\u0435\u043f\u0435\u043d \u0415\u0434\u0435\u043d \u043f\u043e\u043b\u0443\u0441\u0442\u0435\u043f\u0435\u043d&nbsp; (\u04101.1, \u04101.2, \u04102.1, \u04102.2, \u04121.1, \u04121.2, \u04122.1, \u04122.2, \u04211.1 \u0438\u043b\u0438&hellip;<\/p>","protected":false},"author":1,"featured_media":0,"parent":0,"menu_order":0,"comment_status":"closed","ping_status":"closed","template":"","meta":{"footnotes":""},"class_list":["post-47","page","type-page","status-publish","hentry"],"_links":{"self":[{"href":"https:\/\/onlinedeutsch-markov.com\/de\/wp-json\/wp\/v2\/pages\/47"}],"collection":[{"href":"https:\/\/onlinedeutsch-markov.com\/de\/wp-json\/wp\/v2\/pages"}],"about":[{"href":"https:\/\/onlinedeutsch-markov.com\/de\/wp-json\/wp\/v2\/types\/page"}],"author":[{"embeddable":true,"href":"https:\/\/onlinedeutsch-markov.com\/de\/wp-json\/wp\/v2\/users\/1"}],"replies":[{"embeddable":true,"href":"https:\/\/onlinedeutsch-markov.com\/de\/wp-json\/wp\/v2\/comments?post=47"}],"version-history":[{"count":114,"href":"https:\/\/onlinedeutsch-markov.com\/de\/wp-json\/wp\/v2\/pages\/47\/revisions"}],"predecessor-version":[{"id":676,"href":"https:\/\/onlinedeutsch-markov.com\/de\/wp-json\/wp\/v2\/pages\/47\/revisions\/676"}],"wp:attachment":[{"href":"https:\/\/onlinedeutsch-markov.com\/de\/wp-json\/wp\/v2\/media?parent=47"}],"curies":[{"name":"wp","href":"https:\/\/api.w.org\/{rel}","templated":true}]}}