{"id":45,"date":"2020-12-13T12:35:25","date_gmt":"2020-12-13T12:35:25","guid":{"rendered":"https:\/\/onlinedeutsch-markov.com\/?page_id=45"},"modified":"2024-09-05T20:30:40","modified_gmt":"2024-09-05T19:30:40","slug":"strana-2","status":"publish","type":"page","link":"https:\/\/onlinedeutsch-markov.com\/de\/strana-2\/","title":{"rendered":"\u00dcBER UNS"},"content":{"rendered":"<p class=\"test2\">\u00dcBER UNS<br><\/p><p class=\"test\">Online Deutsch-Markov ist eine angemeldete selbstst\u00e4ndige T\u00e4tigkeit mit St.-Nr. 145\/194\/51787 in M\u00fcnchen. Der Mittelpunkt von Onlindeutsch-Markov liegt in der Durchf\u00fchrung von interaktivem Online Deutschunterricht (Sch\u00fcler-Lehrer). Sie lernen mit vielen unterschiedlichen Online-\u00dcbungen, z.B. mit Lese- und L\u00fcckentexten, Bildern, Audio etc.<\/p> <p class=\"test\">Onlindeutsch-Markov bietet Kurse nach dem Europ\u00e4ischen Referenzrahmen f\u00fcr Sprachen von A1 bis C1 Niveau, Fachbezogene Deutschkurse f\u00fcr Mediziner, Vorbereitungskurse f\u00fcr internationale Deutschpr\u00fcfungen sowie Kommunikations- und Grammatikkurse an.<\/p><p class=\"test\">Herr Markov hat hinter sich: <br>\n-\tlangj\u00e4hrige Berufserfahrung als DAF-Lehrer mit Erwachsenen und Kindern <br>\n-\tseit November 2015 angestellt bei der Landeshauptstadt M\u00fccnhen, RBS <br>\n-\tvon November 2015 bis Dezember 2022 t\u00e4tig im Erziehungsdienst. <br>\n-\tseit Dezember 2022 stellvertetende Leitung im st\u00e4ditschen Haus f\u00fcr Kinder <br> <\/p>\n<p class=\"test\">Seit November 2015 angestellt im Referat f\u00fcr Bildung und Sport in M\u00fcnchen mit langj\u00e4hriger Berufserfahrung in der Bildung und Erziehung von Sch\u00fclern der 1. bis 4. Klasse sowie mit Vorschulkindern <\/p> <p class=\"test\">Seit Dezember 2022 stellvertretender Leiter in einem st\u00e4dtischen Haus f\u00fcr Kinder in M\u00fcnchen <\/p> <p class=\"test\"> <br><\/p>\n<p class=\"test2\">IHR DEUTSCHLEHRER TRAJCE MARKOV<br><\/p>\n<p class=\"test3\"> Bildung:<\/p><p class=\"uvleceno\">- Staatliche Universit\u00e4t: Sv. Kiril i Metodij\", Philologische Fakult\u00e4t \"Blaze Koneski\" Skopje. \nStudienprogramm: Deutsche Sprach- und Literaturwissenschaften. \nFachrichtung: Lehramt, \nerworbener Titel: Diplom Lehrer f\u00fcr deutsche Sprache und Literatur.\nDiplomarbeit: Singularia Tantum und Pluralia Tantum im Deutschen und Mazedonischen.<br>- St\u00e4dtische Fackakademie f\u00fcr Sozialp\u00e4dagogik - M\u00fcnchen, \nFacharbeit: \"St\u00e4rkung der Sprachkompetenz anhand des Buches \"Gr\u00fcffelo\" mit Kindern von vier Jahren\"\nBerufsbezeichnung: staatlich anerkannter Erzieher<p class=\"test3\">Praktikum:<\/p><p class=\"uvleceno\">- BFD im Integrationskindergarten \"Montessorie\" in M\u00fcnchen im Zeitraum von 09\/2014 bis 10\/2015<\/p><p class=\"test3\">Bildungszentrum in Geretsried:<\/p><p class=\"uvleceno\">-Politische Bildung (M\u00e4rz 2015)<\/p><p class=\"test3\">Teilnahme an Fortbildungen im P\u00e4dagogischen Institut in M\u00fcnchen:<\/p> <p class=\"uvleceno\"> - Gespr\u00e4chskultur partizipativ gestalten: wertsch\u00e4tzende Kommunikation mit Eltern, Kindern und im Team (Juli 2016)<br>- Hausaufgaben: Freude oder Frust? (Oktober 2016)<br>- Yoga f\u00fcr Kinder (Januar 2017)<br>- Handbuch zum Umgang mit sexualler Gewalt (April 2017)<br>- Erste-Hilfe in Bildungs und Betreuungseinrichtungen f\u00fcr Kinder (Mai 2017)<br>- Yoga f\u00fcr Kinder (Fortgeschrittene) (Dezember 2017)<br>- Sexualerziehung f\u00fcr Kinder im Grundschulalter (April 2018)<br>- Musik und Yoga f\u00fcr Kindern (Basiskurs) (M\u00e4rz 2019)<br>- Beobachtungsb\u00f6gen ausgef\u00fcllt, und dann? (April2019)<br><\/p><p class=\"test3\">Zusatzqualifikaton \u2013 QSE Fachkraft<\/p><p class=\"uvleceno\">-\tModul 1: Grundlagen der QSE- Arbeit und Moderation (Januar 2022)<br>\n-\tModul 2: Ist-Stand-Analyse, Ziele und Ma\u00dfnahmen (M\u00e4rz 2022)<br>\n-\tModul 3: Prozesse, Reflexion und Dokumentation (Mai 2022)<br>\n-\tModul 4: Evulation und Moderation 2 (Juli 2022)<br>\n-\tModul 5: Reflexion 2 und Abschluss (Oktober 2022)\n<br><\/p>","protected":false},"excerpt":{"rendered":"<p>\u0417\u0430 \u043d\u0430\u0441 Online Deutsch-Markov \u0435 \u0440\u0435\u0433\u0438\u0441\u0442\u0440\u0438\u0440\u0430\u043d\u0430 \u0441\u0430\u043c\u043e\u0441\u0442\u043e\u0458\u043d\u0430 \u0434\u0435\u0458\u043d\u043e\u0441\u0442 \u0441\u043e \u0415\u0414\u0411 145\/194\/51787 \u0432\u043e \u041c\u0438\u043d\u0445\u0435\u043d. \u0424\u043e\u043a\u0443\u0441\u043e\u0442 \u043d\u0430 Online Deutsch-Markov \u0441\u0435 \u0441\u043e\u0441\u0442\u043e\u0438 \u0432\u043e \u0438\u0437\u0432\u0435\u0434\u0443\u0432\u0430\u045a\u0435 \u043d\u0430 \u0438\u043d\u0442\u0435\u0440\u0430\u043a\u0442\u0438\u0432\u043d\u0430 \u043d\u0430\u0441\u0442\u0430\u0432\u0430, \u0443\u0447\u0435\u043d\u0438\u043a-\u043d\u0430\u0441\u0442\u0430\u0432\u043d\u0438\u043a \u0441\u043e \u043f\u0440\u0438\u043c\u0435\u043d\u0430 \u043d\u0430 \u0430\u0443\u0434\u0438\u043e\u0434\u0438\u0434\u0430\u043a\u0442\u0438\u0447\u043a\u0438 \u0438 \u043c\u0435\u0442\u0435\u0434\u043e\u043b\u043e\u0448\u043a\u0438 \u043f\u0440\u0438\u043d\u0446\u0438\u043f\u0438. \u0418\u043d\u0442\u0435\u0440\u0430\u043a\u0442\u0438\u0432\u043d\u0430\u0442\u0430 \u043d\u0430\u0441\u0442\u0430\u0432\u0430 \u0441\u0435 \u0438\u0437\u0432\u0435\u0434\u0443\u0432\u0430 \u043d\u0430 \u043f\u0440\u043e\u0444\u0435\u0441\u0438\u043e\u043d\u0430\u043b\u043d\u0430\u0442\u0430 \u043e\u043d\u043b\u0430\u0458\u043d Moodle \u043f\u043b\u0430\u0442\u0444\u043e\u0440\u043c\u0430 \u0438 \u0441\u0435 \u043a\u043e\u0440\u0438\u0441\u0442\u0438 \u043a\u043e\u043d\u0444\u0435\u0440\u0435\u043d\u0446\u0438\u0441\u043a\u0438 \u0441\u043e\u0444\u0442\u0432\u0435\u0440 Webex. \u0418\u0441\u0442\u0430\u0442\u0430 \u043c\u043e\u0436\u0435 \u0434\u0430&hellip;<\/p>","protected":false},"author":1,"featured_media":0,"parent":0,"menu_order":0,"comment_status":"closed","ping_status":"closed","template":"","meta":{"footnotes":""},"class_list":["post-45","page","type-page","status-publish","hentry"],"_links":{"self":[{"href":"https:\/\/onlinedeutsch-markov.com\/de\/wp-json\/wp\/v2\/pages\/45"}],"collection":[{"href":"https:\/\/onlinedeutsch-markov.com\/de\/wp-json\/wp\/v2\/pages"}],"about":[{"href":"https:\/\/onlinedeutsch-markov.com\/de\/wp-json\/wp\/v2\/types\/page"}],"author":[{"embeddable":true,"href":"https:\/\/onlinedeutsch-markov.com\/de\/wp-json\/wp\/v2\/users\/1"}],"replies":[{"embeddable":true,"href":"https:\/\/onlinedeutsch-markov.com\/de\/wp-json\/wp\/v2\/comments?post=45"}],"version-history":[{"count":121,"href":"https:\/\/onlinedeutsch-markov.com\/de\/wp-json\/wp\/v2\/pages\/45\/revisions"}],"predecessor-version":[{"id":609,"href":"https:\/\/onlinedeutsch-markov.com\/de\/wp-json\/wp\/v2\/pages\/45\/revisions\/609"}],"wp:attachment":[{"href":"https:\/\/onlinedeutsch-markov.com\/de\/wp-json\/wp\/v2\/media?parent=45"}],"curies":[{"name":"wp","href":"https:\/\/api.w.org\/{rel}","templated":true}]}}